{"id":12,"date":"2014-10-28T07:55:09","date_gmt":"2014-10-28T05:55:09","guid":{"rendered":"http:\/\/deine-mahlzeit.de\/?page_id=12"},"modified":"2014-10-29T22:37:56","modified_gmt":"2014-10-29T20:37:56","slug":"ueber-uns","status":"publish","type":"page","link":"https:\/\/deine-mahlzeit.de\/?page_id=12","title":{"rendered":"\u00dcber uns"},"content":{"rendered":"<p>Hallo,<\/p>\n<p>&nbsp;<\/p>\n<p>wir, dass sind Bernd und Yvonne, sind passionierte\u00a0\u00a0Kochamateure.<\/p>\n<p>Dabei ist es uns wichtig, dass wir wirklich kochen und backen und so gut es geht auf Zus\u00e4tze verzichten.<\/p>\n<p>So kommen bei uns weder Geschmacksverst\u00e4rker, noch Fix-Produkte in die T\u00f6pfe!<\/p>\n<p>Klar, es ist aufw\u00e4ndiger und dauert i.d.R. deutlich l\u00e4nger. Doch wir haben festgestellt, dass es zumeist deutlich g\u00fcnstiger (finanziell), es sich selbst zu machen (ja, das Wortspiel haben wir bewusst gew\u00e4hlt!!!).<\/p>\n<p>Was jedoch f\u00fcr uns viel wichtiger ist: Wir sch\u00e4tzen unser Essen viel mehr, als wenn es nur eine Nebensache w\u00e4r.<\/p>\n<p>&nbsp;<\/p>\n<p>Wir wissen, dass nicht jeder dem zustimmen mag. Doch wenn man es erst ausprobiert, dann stellt man schnell fest, dass einem nicht nur in der Seele gut tut.<\/p>\n<p>&nbsp;<\/p>\n<p>Daher nun viel Spa\u00df beim Surfen unseres Blogs.<\/p>\n<p>&nbsp;<\/p>\n<p>Lieben Gru\u00df<\/p>\n<p>&nbsp;<\/p>\n<p>Bernd und Yvonne.<\/p>\n<p>&nbsp;<\/p>\n<p>&nbsp;<\/p>\n","protected":false},"excerpt":{"rendered":"<p>Hallo, &nbsp; wir, dass sind Bernd und Yvonne, sind passionierte\u00a0\u00a0Kochamateure. Dabei ist es uns wichtig, dass wir wirklich kochen und backen und so gut es geht auf Zus\u00e4tze verzichten. So kommen bei uns weder Geschmacksverst\u00e4rker, noch Fix-Produkte in die T\u00f6pfe! Klar, es ist aufw\u00e4ndiger und dauert i.d.R. deutlich l\u00e4nger. Doch wir haben festgestellt, dass es [&hellip;]<\/p>\n","protected":false},"author":1,"featured_media":0,"parent":0,"menu_order":3,"comment_status":"closed","ping_status":"closed","template":"","meta":{"jetpack_post_was_ever_published":false,"footnotes":"","_links_to":"","_links_to_target":""},"class_list":["post-12","page","type-page","status-publish","hentry"],"jetpack_shortlink":"https:\/\/wp.me\/P5eJZd-c","jetpack_sharing_enabled":false,"_links":{"self":[{"href":"https:\/\/deine-mahlzeit.de\/index.php?rest_route=\/wp\/v2\/pages\/12","targetHints":{"allow":["GET"]}}],"collection":[{"href":"https:\/\/deine-mahlzeit.de\/index.php?rest_route=\/wp\/v2\/pages"}],"about":[{"href":"https:\/\/deine-mahlzeit.de\/index.php?rest_route=\/wp\/v2\/types\/page"}],"author":[{"embeddable":true,"href":"https:\/\/deine-mahlzeit.de\/index.php?rest_route=\/wp\/v2\/users\/1"}],"replies":[{"embeddable":true,"href":"https:\/\/deine-mahlzeit.de\/index.php?rest_route=%2Fwp%2Fv2%2Fcomments&post=12"}],"version-history":[{"count":3,"href":"https:\/\/deine-mahlzeit.de\/index.php?rest_route=\/wp\/v2\/pages\/12\/revisions"}],"predecessor-version":[{"id":228,"href":"https:\/\/deine-mahlzeit.de\/index.php?rest_route=\/wp\/v2\/pages\/12\/revisions\/228"}],"wp:attachment":[{"href":"https:\/\/deine-mahlzeit.de\/index.php?rest_route=%2Fwp%2Fv2%2Fmedia&parent=12"}],"curies":[{"name":"wp","href":"https:\/\/api.w.org\/{rel}","templated":true}]}}